{"id":25,"date":"2011-11-17T18:10:37","date_gmt":"2011-11-17T17:10:37","guid":{"rendered":"http:\/\/www.jardin-sans-taupe.be\/?page_id=25"},"modified":"2012-02-24T12:56:08","modified_gmt":"2012-02-24T11:56:08","slug":"trucs-et-astuces-des-maitres-taupiers","status":"publish","type":"page","link":"https:\/\/www.jardin-sans-taupe.be\/?page_id=25","title":{"rendered":"Trucs et astuces anti-taupes"},"content":{"rendered":"<h1><em><span style=\"color: #993300;\"><strong>10 trucs pour se d\u00e9barrasser d\u2019une taupe (ou essayer\u2026)<\/strong><\/span><\/em><\/h1>\n<h3><span style=\"color: #339966;\"><strong><em>\u00a0Truc n\u00b01\u00a0: les plantes<\/em><\/strong><\/span><\/h3>\n<p>L\u2019\u00e9purge (ou grande euphorbe), l\u2019hell\u00e9bore f\u00e9tide et le datura ont la r\u00e9putation de faire fuir les taupes. Autant vous le dire tout de suite, elles n\u2019ont aucun effet.<\/p>\n<h3><span style=\"color: #339966;\">\u00a0<em><strong>Truc n\u00b02\u00a0: le bruit<\/strong><\/em><\/span><\/h3>\n<p>Une bouteille en plastique enfil\u00e9e sur une tige de bois, elle-m\u00eame plant\u00e9e dans une galerie, ou un appareil produisant des ultra-sons ferait fuir les taupes. La taupe n\u2019aime effectivement pas les bruits d\u2019autant qu\u2019elle a l\u2019oreille fine, mais elle s\u2019habitue \u00e0 tout\u2026<\/p>\n<h3><span style=\"color: #339966;\">\u00a0<em><strong>Truc n\u00b03\u00a0: les substances r\u00e9pulsives<\/strong><\/em><\/span><\/h3>\n<p>L\u2019urine, la naphtaline, le carbure, le poisson pourri,\u2026 plac\u00e9s ou d\u00e9vers\u00e9s dans les galeries feraient fuir les taupes. Si la taupe appr\u00e9cie peu ces mati\u00e8res, elle ne va cependant pas abandonner 250m de galeries, elle va boucher le couloir impraticable et continuer de vaquer \u00e0 ses occupations\u2026<\/p>\n<h3><strong><span style=\"color: #339966;\"><em>\u00a0Truc n\u00b04\u00a0: les fus\u00e9es fumig\u00e8nes<\/em><\/span><\/strong><\/h3>\n<p>On trouve dans le commerce des \u00ab\u00a0fus\u00e9es \u00e0 taupes\u00a0\u00bb. Il s\u2019agit de b\u00e2tonnets remplis d\u2019une substance inflammable d\u00e9gageant une \u00e9paisse fum\u00e9e cens\u00e9e asphyxier la taupe. Dangereux et peu efficace\u2026<\/p>\n<h3><strong><span style=\"color: #339966;\"><em>\u00a0Truc n\u00b05\u00a0: les objets pointus ou tranchants<\/em><\/span><\/strong><\/h3>\n<p>Des tessons de verre, du fil barbel\u00e9, des lames de rasoir, des ronces,\u2026 sont suppos\u00e9s blesser la taupe h\u00e9mophile, qui irait mourir exsangue au fond de son trou. Le hic, c\u2019est que la taupe n\u2019est pas h\u00e9mophile, et qu\u2019elle se m\u00e9fie de tout objet inconnu. Elle contournera l\u2019intrus en creusant une nouvelle galerie\u2026<\/p>\n<h3><strong><span style=\"color: #339966;\"><em>\u00a0Truc n\u00b06\u00a0: le poison<\/em><\/span><\/strong><\/h3>\n<p>Toujours dans le commerce, vous pouvez vous procurer du poison \u00e0 incorporer \u00e0 des vers de terre. Cette technique est fastidieuse \u00e0 mettre en \u0153uvre car il est n\u00e9cessaire de capturer des vers de terre vivants (sans faire plus de d\u00e9g\u00e2ts qu\u2019un taupe\u2026), de m\u00e9langer le poison aux vers et de placer ces app\u00e2ts empoisonn\u00e9s dans une galerie qu\u2019il vous faudra trouver sans trop la chambouler, l\u2019animal \u00e9tant d\u2019une nature m\u00e9fiante. Attention, une taupe morte empoisonn\u00e9e, consomm\u00e9e par un chien ou un chat empoisonnera \u00e9galement celui-ci. Tr\u00e9s dangereux et interdit ,en Belgique-Suisse-Luxembourg,et depuis fin juin 2010 en France<\/p>\n<h3><span style=\"color: #339966;\"><em>\u00a0<strong>Truc n\u00b07\u00a0: les pi\u00e8ges \u00e0 feu<\/strong><\/em><\/span><\/h3>\n<p>On trouve \u00e9galement dans le commerce des syst\u00e8mes de mise \u00e0 feu d\u2019un p\u00e9tard ou d\u2019une cartouche se d\u00e9clenchant au passage de la taupe pour l\u2019envoyer \u00ab\u00a0ad patres\u00a0\u00bb. <strong>Ces engins sont <\/strong><strong>extr\u00eamement dangereux<\/strong><strong> pour vos doigts et vos tympans <\/strong><strong>en cas de mauvaise manipulation. A ne jamais laisser \u00e0 porter des enfants et des animaux <\/strong><strong>(comme dans votre jardin par exemple\u2026\u00a0!!) et tr\u00e8s on\u00e9reux.<\/strong><\/p>\n<h3><strong><span style=\"color: #339966;\"><em>\u00a0Truc n\u00b08\u00a0: l\u2019aff\u00fbt d\u2019une b\u00eache<\/em><\/span><\/strong><\/h3>\n<p>Arm\u00e9, certains taupiers sont capables d\u2019extraire la taupe de la terre d\u2019un seul coup au moment o\u00f9 celle-ci pousse la terre hors de sa galerie pour cr\u00e9er une taupini\u00e8re. Cette technique totalement \u00e9cologique demande de la patience, une certaine habilet\u00e9. La taupe est souvent prise indemne\u00a0: le taupier a le choix entre l\u2019occire ou la rel\u00e2cher en terrain neutre (for\u00eat), o\u00f9 elle ne d\u00e9rangera personne.<\/p>\n<h3><span style=\"color: #339966;\"><strong><em>\u00a0Truc n\u00b09\u00a0: le pi\u00e9geage <\/em><\/strong><strong><em>traditionnel<\/em><\/strong><\/span><\/h3>\n<p>Totalement respectueux de l\u2019environnement et sans danger ni pour les autres animaux, ni les \u00eatres humains, cette technique extr\u00eamement efficace convient \u00e0 toutes les superficies. L\u2019utilisation de pi\u00e8ges m\u00e9caniques simples de type \u00a0\u00bb genre putange \u00a0\u00bb\u00a0\u00a0 demandent cependant un s\u00e9rieux\u00a0 apprentissage, pour avoir la possibilit\u00e9 d&rsquo;\u00eatre efficace. Un pi\u00e8ge \u00ab\u00a0putanges\u00a0\u00bb bien pos\u00e9 tue \u00ab\u00a0proprement\u00a0\u00bb la taupe.Un autre des avantages de cette technique est la visualisation des prises.<\/p>\n<h3>\u00a0<strong><em><span style=\"color: #339966;\">Truc n\u00b010 : Appelez un Taupier professionnelle<\/span><\/em><br \/>\n<\/strong><\/h3>\n<p>Sp\u00e9cialis\u00e9 dans les techniques de pi\u00e9geage traditionnel, il saura d\u00e9finir\u00a0 la m\u00e9thode \u00e0 appliquer pour \u00e9radiquer toutes les taupes et ou rats taupiers de votre espace vert.<\/p>\n<p>&nbsp;<\/p>\n<h3 style=\"text-align: center;\">[warning]<a href=\"http:\/\/www.jardin-sans-taupe.be\/?page_id=28\">Demandez-nous un devis et on transmettra gratuitement vers un de nos taupiers partenaires.<\/a>[\/warning]<\/h3>\n","protected":false},"excerpt":{"rendered":"<p><a class=\"more-link\"  href=\"https:\/\/www.jardin-sans-taupe.be\/?page_id=25\"><span class=\"more-text\"><\/span><\/a><\/p>\n","protected":false},"author":2,"featured_media":0,"parent":0,"menu_order":2,"comment_status":"closed","ping_status":"open","template":"","meta":{"greenlet_layout":[],"footnotes":""},"class_list":["post-25","page","type-page","status-publish","hentry"],"_links":{"self":[{"href":"https:\/\/www.jardin-sans-taupe.be\/index.php?rest_route=\/wp\/v2\/pages\/25","targetHints":{"allow":["GET"]}}],"collection":[{"href":"https:\/\/www.jardin-sans-taupe.be\/index.php?rest_route=\/wp\/v2\/pages"}],"about":[{"href":"https:\/\/www.jardin-sans-taupe.be\/index.php?rest_route=\/wp\/v2\/types\/page"}],"author":[{"embeddable":true,"href":"https:\/\/www.jardin-sans-taupe.be\/index.php?rest_route=\/wp\/v2\/users\/2"}],"replies":[{"embeddable":true,"href":"https:\/\/www.jardin-sans-taupe.be\/index.php?rest_route=%2Fwp%2Fv2%2Fcomments&post=25"}],"version-history":[{"count":0,"href":"https:\/\/www.jardin-sans-taupe.be\/index.php?rest_route=\/wp\/v2\/pages\/25\/revisions"}],"wp:attachment":[{"href":"https:\/\/www.jardin-sans-taupe.be\/index.php?rest_route=%2Fwp%2Fv2%2Fmedia&parent=25"}],"curies":[{"name":"wp","href":"https:\/\/api.w.org\/{rel}","templated":true}]}}