{"id":232,"date":"2012-03-10T15:27:44","date_gmt":"2012-03-10T14:27:44","guid":{"rendered":"http:\/\/www.jardin-sans-taupe.be\/?page_id=232"},"modified":"2012-03-10T16:39:54","modified_gmt":"2012-03-10T15:39:54","slug":"vincent-dubois-votre-taupier-bloggeur","status":"publish","type":"page","link":"https:\/\/www.jardin-sans-taupe.be\/?page_id=232","title":{"rendered":"Editeur du site"},"content":{"rendered":"<p><strong>Vincent Dubois<\/strong>, c&rsquo;est avant tout un ARTISAN TAUPIER PROFESSIONNEL \u00e0 votre service<\/p>\n<p>Vincent Dubois, est un v\u00e9ritable taupier qui pi\u00e8ge encore \u00e0 l&rsquo;ancienne \u00e0 la pince putange, art transmis de p\u00e8re en fils \u00a0et cela depuis 3 G\u00e9n\u00e9rations depuis 1956 par son p\u00e8re Pierre Dubois, 1er maitre taupier de notre famille.<\/p>\n<p>Fort de son exp\u00e9rience aupr\u00e8s des particuliers et des professionnels, il partagera avec vous et avec l&rsquo;aide d&rsquo;autres intervenants taupiers tous les trucs et astuces des taupiers pour vous d\u00e9barrasser de la taupe ou du rat taupier de jardin.<\/p>\n<p>Soucieux d\u2019un travail bien fait \u00e0 la fois respectueux de la nature et de l\u2019animale\u00a0 votre site <a href=\"..\/\">www.jardin-sans-taupe.be<\/a> \u00a0a r\u00e9cemment \u00e9t\u00e9 valid\u00e9 et conseiller par les sites <a href=\"http:\/\/www.taupiers.fr\/\">www.taupiers.fr<\/a> et \u00a0<a href=\"http:\/\/www.info-taupier.be\/\">www.info-taupier.be<\/a> (Sites qui regroupe les principaux taupiers Fran\u00e7ais, Belges, Luxembourgeois, et Suisses r\u00e9pondant \u00e0 la charte d\u2019\u00e9thique et de pi\u00e9geage \u00e0 la pince putange )<\/p>\n<p>V\u00e9ritable passionn\u00e9 du jardin et du jardinage, il essayera de vous faire partager son amour de la nature \u00e0 travers son blog et l&rsquo;intervention de ses nombreux amis jardiniers qu\u2019ils croisent r\u00e9guli\u00e8rement \u00a0lors de son travail comme taupier ou lors manifestation agricoles.<\/p>\n<p>Plus connu sous le nom \u00ab\u00a0Les taupiers d&rsquo;antan\u00a0\u00bb nous vous invitons \u00e9galement \u00a0\u00e0 d\u00e9couvrir son site Internet \u00a0<a href=\"http:\/\/www.lestaupiersdantan.be\/\">www.lestaupiersdantan.be<\/a><\/p>\n<h4>Voici quelques r\u00e9f\u00e9rences de votre taupier :<\/h4>\n<p>&nbsp;<\/p>\n<figure id=\"attachment_238\" aria-describedby=\"caption-attachment-238\" style=\"width: 300px\" class=\"wp-caption alignleft\"><a href=\"http:\/\/www.jardin-sans-taupe.be\/wp-content\/uploads\/2012\/03\/chateau_bourgogne_estaimbourg_1.jpg\"><img loading=\"lazy\" decoding=\"async\" class=\"size-medium wp-image-238\" title=\"Taupier Officiel du domaine de Bourgogne et du Ch\u00e2teau de Bourgogne \u00e0 Estaimbourg\" src=\"http:\/\/www.jardin-sans-taupe.be\/wp-content\/uploads\/2012\/03\/chateau_bourgogne_estaimbourg_1-300x194.jpg\" alt=\"Taupier Officiel du Domaine de Bourgogne et du Ch\u00e2teau de Bourgogne\" width=\"300\" height=\"194\" srcset=\"https:\/\/www.jardin-sans-taupe.be\/wp-content\/uploads\/2012\/03\/chateau_bourgogne_estaimbourg_1-300x194.jpg 300w, https:\/\/www.jardin-sans-taupe.be\/wp-content\/uploads\/2012\/03\/chateau_bourgogne_estaimbourg_1.jpg 454w\" sizes=\"auto, (max-width: 300px) 100vw, 300px\" \/><\/a><figcaption id=\"caption-attachment-238\" class=\"wp-caption-text\">Taupier Officiel du Domaine de Bourgogne et du Ch\u00e2teau de Bourgogne \u00e0 Estaimbourg<\/figcaption><\/figure>\n<figure id=\"attachment_236\" aria-describedby=\"caption-attachment-236\" style=\"width: 300px\" class=\"wp-caption alignleft\"><a href=\"http:\/\/www.jardin-sans-taupe.be\/wp-content\/uploads\/2012\/03\/chateau_bourgogne_estaimbourg_3.jpg\"><img loading=\"lazy\" decoding=\"async\" class=\" wp-image-236 \" title=\"Taupier Officiel du Domaine de Bourgogne et du Ch\u00e2teau de Bourgogne \u00e0 Estaimbourg\" src=\"http:\/\/www.jardin-sans-taupe.be\/wp-content\/uploads\/2012\/03\/chateau_bourgogne_estaimbourg_3-300x225.jpg\" alt=\"Taupier du ch\u00e2teau\" width=\"300\" height=\"194\" \/><\/a><figcaption id=\"caption-attachment-236\" class=\"wp-caption-text\">Taupier Officiel du Domaine de Bourgogne et du Ch\u00e2teau de Bourgogne \u00e0 Estaimbourg<\/figcaption><\/figure>\n<p>&nbsp;<\/p>\n<p>&nbsp;<\/p>\n<p>&nbsp;<\/p>\n<p>&nbsp;<\/p>\n<p>&nbsp;<\/p>\n<p>&nbsp;<\/p>\n<p>&nbsp;<\/p>\n<p>&nbsp;<\/p>\n<p>&nbsp;<\/p>\n<p>&nbsp;<\/p>\n<figure id=\"attachment_234\" aria-describedby=\"caption-attachment-234\" style=\"width: 300px\" class=\"wp-caption alignleft\"><a href=\"http:\/\/www.jardin-sans-taupe.be\/wp-content\/uploads\/2012\/03\/chateau_bourgogne_estaimbourg_2.jpg\"><img loading=\"lazy\" decoding=\"async\" class=\" wp-image-234 \" title=\"Taupier Officiel du Domaine de Bourgogne et du Ch\u00e2teau de Bourgogne \u00e0 Estaimbourg\" src=\"http:\/\/www.jardin-sans-taupe.be\/wp-content\/uploads\/2012\/03\/chateau_bourgogne_estaimbourg_2-300x225.jpg\" alt=\"Taupier du Domaine de Bourgogne et du Ch\u00e2teau de Bourgogne\" width=\"300\" height=\"194\" \/><\/a><figcaption id=\"caption-attachment-234\" class=\"wp-caption-text\">Taupier Officiel du domaine et du Ch\u00e2teau de Bourgogne \u00e0 Estaimbourg<\/figcaption><\/figure>\n<p>&nbsp;<\/p>\n<p>&nbsp;<\/p>\n<p>&nbsp;<\/p>\n<p>&nbsp;<\/p>\n<p>&nbsp;<\/p>\n<p>&nbsp;<\/p>\n<p>&nbsp;<\/p>\n<p>&nbsp;<\/p>\n<p>&nbsp;<\/p>\n<p>&nbsp;<\/p>\n<p>&nbsp;<\/p>\n<p>&nbsp;<\/p>\n<figure id=\"attachment_237\" aria-describedby=\"caption-attachment-237\" style=\"width: 300px\" class=\"wp-caption alignleft\"><a href=\"http:\/\/www.jardin-sans-taupe.be\/wp-content\/uploads\/2012\/03\/Taupier-du-Chateau-de-Baugnies-1.jpg\"><img loading=\"lazy\" decoding=\"async\" class=\" wp-image-237 \" title=\"Taupier Officiel du domaine et du Ch\u00e2teau de Baudignies \u00e0 Mourcour\" src=\"http:\/\/www.jardin-sans-taupe.be\/wp-content\/uploads\/2012\/03\/Taupier-du-Chateau-de-Baugnies-1-300x225.jpg\" alt=\"Taupier Officiel du Ch\u00e2teau de Baudignies\" width=\"300\" height=\"194\" \/><\/a><figcaption id=\"caption-attachment-237\" class=\"wp-caption-text\">Taupier Officiel du domaine et du Ch\u00e2teau de Baudignies \u00e0 Mourcourt (class\u00e9 patrimoine de Wallonie)<\/figcaption><\/figure>\n<figure id=\"attachment_235\" aria-describedby=\"caption-attachment-235\" style=\"width: 300px\" class=\"wp-caption alignleft\"><a href=\"http:\/\/www.jardin-sans-taupe.be\/wp-content\/uploads\/2012\/03\/Taupier-du-Chateau-de-Baugnies-3.jpg\"><img loading=\"lazy\" decoding=\"async\" class=\" wp-image-235 \" title=\"Taupier Officiel du domaine et du Ch\u00e2teau de Baudignies \u00e0 Mourcour\" src=\"http:\/\/www.jardin-sans-taupe.be\/wp-content\/uploads\/2012\/03\/Taupier-du-Chateau-de-Baugnies-3-300x225.jpg\" alt=\"Taupier Officiel du Ch\u00e2teau de Baudignies \u00e0 Mourcourt (class\u00e9 patrimoine de Wallonie)\" width=\"300\" height=\"194\" \/><\/a><figcaption id=\"caption-attachment-235\" class=\"wp-caption-text\">Taupier Officiel du Ch\u00e2teau de Baudignies \u00e0 Mourcourt (class\u00e9 patrimoine de Wallonie)<\/figcaption><\/figure>\n<p>&nbsp;<\/p>\n<p>&nbsp;<\/p>\n<p>&nbsp;<\/p>\n<p>&nbsp;<\/p>\n<p>&nbsp;<\/p>\n<p>&nbsp;<\/p>\n<p>&nbsp;<\/p>\n<p>&nbsp;<\/p>\n<p>&nbsp;<\/p>\n<p>&nbsp;<\/p>\n<p>&nbsp;<\/p>\n<figure id=\"attachment_233\" aria-describedby=\"caption-attachment-233\" style=\"width: 225px\" class=\"wp-caption alignleft\"><a href=\"http:\/\/www.jardin-sans-taupe.be\/wp-content\/uploads\/2012\/03\/Taupier-du-Chateau-de-Baugnies-4.jpg\"><img loading=\"lazy\" decoding=\"async\" class=\"size-medium wp-image-233\" title=\"Taupier Officiel du domaine et du Ch\u00e2teau de Baudignies \u00e0 Mourcour\" src=\"http:\/\/www.jardin-sans-taupe.be\/wp-content\/uploads\/2012\/03\/Taupier-du-Chateau-de-Baugnies-4-225x300.jpg\" alt=\"Taupier Officiel du Ch\u00e2teau de Baudignies \u00e0 Mourcourt (class\u00e9 patrimoine de Wallonie)\" width=\"225\" height=\"300\" srcset=\"https:\/\/www.jardin-sans-taupe.be\/wp-content\/uploads\/2012\/03\/Taupier-du-Chateau-de-Baugnies-4-225x300.jpg 225w, https:\/\/www.jardin-sans-taupe.be\/wp-content\/uploads\/2012\/03\/Taupier-du-Chateau-de-Baugnies-4.jpg 250w\" sizes=\"auto, (max-width: 225px) 100vw, 225px\" \/><\/a><figcaption id=\"caption-attachment-233\" class=\"wp-caption-text\">Taupier Officiel du Ch\u00e2teau de Baudignies \u00e0 Mourcourt (class\u00e9 patrimoine de Wallonie)<\/figcaption><\/figure>\n<p>&nbsp;<\/p>\n<p>&nbsp;<\/p>\n<p>&nbsp;<\/p>\n<p>&nbsp;<\/p>\n<p>&nbsp;<\/p>\n<p>&nbsp;<\/p>\n<p>&nbsp;<\/p>\n<p>&nbsp;<\/p>\n<p>&nbsp;<\/p>\n<p>&nbsp;<\/p>\n<p>&nbsp;<\/p>\n<p>&nbsp;<\/p>\n<p>&nbsp;<\/p>\n<p>&nbsp;<\/p>\n","protected":false},"excerpt":{"rendered":"<p><a class=\"more-link\"  href=\"https:\/\/www.jardin-sans-taupe.be\/?page_id=232\"><span class=\"more-text\"><\/span><\/a><\/p>\n","protected":false},"author":2,"featured_media":0,"parent":2,"menu_order":0,"comment_status":"closed","ping_status":"closed","template":"","meta":{"greenlet_layout":[],"footnotes":""},"class_list":["post-232","page","type-page","status-publish","hentry"],"_links":{"self":[{"href":"https:\/\/www.jardin-sans-taupe.be\/index.php?rest_route=\/wp\/v2\/pages\/232","targetHints":{"allow":["GET"]}}],"collection":[{"href":"https:\/\/www.jardin-sans-taupe.be\/index.php?rest_route=\/wp\/v2\/pages"}],"about":[{"href":"https:\/\/www.jardin-sans-taupe.be\/index.php?rest_route=\/wp\/v2\/types\/page"}],"author":[{"embeddable":true,"href":"https:\/\/www.jardin-sans-taupe.be\/index.php?rest_route=\/wp\/v2\/users\/2"}],"replies":[{"embeddable":true,"href":"https:\/\/www.jardin-sans-taupe.be\/index.php?rest_route=%2Fwp%2Fv2%2Fcomments&post=232"}],"version-history":[{"count":0,"href":"https:\/\/www.jardin-sans-taupe.be\/index.php?rest_route=\/wp\/v2\/pages\/232\/revisions"}],"up":[{"embeddable":true,"href":"https:\/\/www.jardin-sans-taupe.be\/index.php?rest_route=\/wp\/v2\/pages\/2"}],"wp:attachment":[{"href":"https:\/\/www.jardin-sans-taupe.be\/index.php?rest_route=%2Fwp%2Fv2%2Fmedia&parent=232"}],"curies":[{"name":"wp","href":"https:\/\/api.w.org\/{rel}","templated":true}]}}