{"id":2,"date":"2011-11-17T16:22:50","date_gmt":"2011-11-17T16:22:50","guid":{"rendered":"http:\/\/jardin-sans-taupe.be\/\/?page_id=2"},"modified":"2012-03-10T16:34:14","modified_gmt":"2012-03-10T15:34:14","slug":"liste-de-taupiers-en-belgique-france-suisse","status":"publish","type":"page","link":"https:\/\/www.jardin-sans-taupe.be\/?page_id=2","title":{"rendered":"A propos"},"content":{"rendered":"<p><span style=\"color: #000000;\">Entourer par de vrai professionnels notre site\/blog va essayer de vous aider au mieux,\u00a0 pour vous aider \u00e0 vous d\u00e9barrasser et \u00e0 lutter contre les taupes, rats taupiers ou autre nuisible qui envahissent votre jardin, gazon, terrain ou espace vert.<\/span><\/p>\n<p><span style=\"color: #ff6600;\"><strong>Entour\u00e9 par de vrais professionnels \u00a0 ouvert \u00e0 tous avec d\u00e9j\u00e0 plus de 30 membres de taupiers r\u00e9partis en Belgique, France, Luxembourg et Suisse.<\/strong><\/span><\/p>\n<p>Soucieux d\u2019un travail bien fait \u00e0 la fois respectueux de la nature et de l\u2019animale\u00a0 votre site <a href=\"..\/\">www.jardin-sans-taupe.be<\/a> \u00a0a r\u00e9cemment \u00e9t\u00e9 valid\u00e9 et conseiller par les sites <a href=\"http:\/\/www.taupiers.fr\/\">www.taupiers.fr<\/a> et \u00a0<a href=\"http:\/\/www.info-taupier.be\/\">www.info-taupier.be<\/a> (Sites qui regroupe les principaux taupiers Fran\u00e7ais, Belges, Luxembourgeois, et Suisses r\u00e9pondant \u00e0 la charte d\u2019\u00e9thique et de pi\u00e9geage \u00e0 la pince putange )<\/p>\n<p>&nbsp;<\/p>\n<p>Afin d&rsquo;encore mieux r\u00e9pondre \u00e0 la demande des visiteurs et de l\u00e9gif\u00e9rer les articles qui seront mis sur votre site www.jardin-sans-taupe.be\u00a0 <a title=\"Editeur du site\" href=\"http:\/\/www.jardin-sans-taupe.be\/liste-de-taupiers-en-belgique-france-suisse\/vincent-dubois-votre-taupier-bloggeur\/\">Vincent DUBOIS<\/a>, taupier bien connu en Belgique et dans le Nord\u00a0 a r\u00e9cemment repris la gestion du site.<\/p>\n<p>&nbsp;<\/p>\n<p><span style=\"color: #000000;\">Ne laisser donc plus les taupes envahir votre pelouse sans r\u00e9agir \u2026 nous avons des solutions ou la possibilit\u00e9 de vous mettre en relation direct avec un taupier professionnel pr\u00e8s de chez vous.<\/span><\/p>\n<p>&nbsp;<\/p>\n<h5>Trouver un de nos partenaires taupiers pr\u00e8s de chez vous :<\/h5>\n<p>&nbsp;<\/p>\n<figure id=\"attachment_243\" aria-describedby=\"caption-attachment-243\" style=\"width: 410px\" class=\"wp-caption aligncenter\"><a href=\"http:\/\/www.info-taupier.be\"><img loading=\"lazy\" decoding=\"async\" class=\" wp-image-243  \" title=\"www.info-taupier.be\" src=\"http:\/\/www.jardin-sans-taupe.be\/wp-content\/uploads\/2011\/11\/info-taupier.png\" alt=\"\" width=\"410\" height=\"446\" \/><\/a><figcaption id=\"caption-attachment-243\" class=\"wp-caption-text\">Site de partenaire taupier en Belgique, France, Luxembourg et Suisse<\/figcaption><\/figure>\n<p>&nbsp;<\/p>\n<figure id=\"attachment_242\" aria-describedby=\"caption-attachment-242\" style=\"width: 410px\" class=\"wp-caption aligncenter\"><a href=\"http:\/\/www.taupiers.fr\"><img loading=\"lazy\" decoding=\"async\" class=\" wp-image-242   \" title=\"www.taupiers.fr\" src=\"http:\/\/www.jardin-sans-taupe.be\/wp-content\/uploads\/2011\/11\/taupiers.be_.png\" alt=\"\" width=\"410\" height=\"317\" srcset=\"https:\/\/www.jardin-sans-taupe.be\/wp-content\/uploads\/2011\/11\/taupiers.be_.png 1139w, https:\/\/www.jardin-sans-taupe.be\/wp-content\/uploads\/2011\/11\/taupiers.be_-300x232.png 300w, https:\/\/www.jardin-sans-taupe.be\/wp-content\/uploads\/2011\/11\/taupiers.be_-1024x792.png 1024w\" sizes=\"auto, (max-width: 410px) 100vw, 410px\" \/><\/a><figcaption id=\"caption-attachment-242\" class=\"wp-caption-text\">Site de partenaire taupier en France<\/figcaption><\/figure>\n<p>&nbsp;<\/p>\n","protected":false},"excerpt":{"rendered":"<p><a class=\"more-link\"  href=\"https:\/\/www.jardin-sans-taupe.be\/?page_id=2\"><span class=\"more-text\"><\/span><\/a><\/p>\n","protected":false},"author":2,"featured_media":0,"parent":0,"menu_order":4,"comment_status":"open","ping_status":"open","template":"","meta":{"greenlet_layout":[],"footnotes":""},"class_list":["post-2","page","type-page","status-publish","hentry"],"_links":{"self":[{"href":"https:\/\/www.jardin-sans-taupe.be\/index.php?rest_route=\/wp\/v2\/pages\/2","targetHints":{"allow":["GET"]}}],"collection":[{"href":"https:\/\/www.jardin-sans-taupe.be\/index.php?rest_route=\/wp\/v2\/pages"}],"about":[{"href":"https:\/\/www.jardin-sans-taupe.be\/index.php?rest_route=\/wp\/v2\/types\/page"}],"author":[{"embeddable":true,"href":"https:\/\/www.jardin-sans-taupe.be\/index.php?rest_route=\/wp\/v2\/users\/2"}],"replies":[{"embeddable":true,"href":"https:\/\/www.jardin-sans-taupe.be\/index.php?rest_route=%2Fwp%2Fv2%2Fcomments&post=2"}],"version-history":[{"count":0,"href":"https:\/\/www.jardin-sans-taupe.be\/index.php?rest_route=\/wp\/v2\/pages\/2\/revisions"}],"wp:attachment":[{"href":"https:\/\/www.jardin-sans-taupe.be\/index.php?rest_route=%2Fwp%2Fv2%2Fmedia&parent=2"}],"curies":[{"name":"wp","href":"https:\/\/api.w.org\/{rel}","templated":true}]}}