{"id":189,"date":"2012-02-24T13:18:04","date_gmt":"2012-02-24T12:18:04","guid":{"rendered":"http:\/\/www.jardin-sans-taupe.be\/?page_id=189"},"modified":"2018-11-19T14:50:02","modified_gmt":"2018-11-19T13:50:02","slug":"accueil","status":"publish","type":"page","link":"https:\/\/www.jardin-sans-taupe.be\/","title":{"rendered":"Accueil"},"content":{"rendered":"<h1 style=\"text-align: justify;\"><span style=\"color: #800000;\"><strong><strong>Bienvenue sur <a href=\"..\/\"><span style=\"color: #800000;\">Jardin-sans-taupe.be<\/span><\/a><\/strong><\/strong><\/span><\/h1>\n<p style=\"text-align: justify;\"><a href=\"http:\/\/www.jardin-sans-taupe.be\/wp-content\/uploads\/2011\/11\/taupe.jpg\"><img loading=\"lazy\" decoding=\"async\" class=\"wp-image-59 aligncenter\" style=\"border: 0pt none; margin-top: 5px; margin-bottom: 5px;\" title=\"La taupe (Talpa europea) est un mammif\u00e8re et non un rongeur.\" src=\"http:\/\/www.jardin-sans-taupe.be\/wp-content\/uploads\/2011\/11\/taupe.jpg\" alt=\"\" width=\"428\" height=\"280\" \/><\/a>Vous \u00eates emb\u00eat\u00e9 par des taupes dans votre jardin ou votre espace vert\u00a0 et vous voulez vous d\u00e9barrasser des taupini\u00e8res ou tout simplement trouver un syst\u00e8me efficace anti-taupe, et bien nous avons des solutions pour vous aider \u00e0 vous d\u00e9barrasser des taupes et des rats taupiers ou taupini\u00e8res une fois pour toute.<\/p>\n<p style=\"text-align: justify;\">Alors n\u2019h\u00e9sitez pas \u00e0 nous contacter pour une INFO TAUPIER , pour retrouver un jardin sans taupe gr\u00e2ce\u00a0 \u00e0 un taupier professionnel, le plus proche de chez vous. Afin d\u2019avoir des conseils, un devis et une prestation de qualit\u00e9 .<\/p>\n<p style=\"text-align: justify;\">Gr\u00e2ce aux pi\u00e8ges putange \u00e9cologique et green pour taupe , nos taupiers professionnels,peuvent chasser les taupes dans votre jardin en Belgique, en France, au Luxembourg et en Suisse pour vous d\u00e9barrasser des nuisibles dans votre pelouse ou votre jardin.<\/p>\n<p>&nbsp;<\/p>\n<h2 style=\"text-align: center;\">VOUS CHERCHEZ UN TAUPIER PROFESSIONNEL ?<\/h2>\n<p>&nbsp;<\/p>\n<h1 style=\"text-align: center;\"><a title=\"Trouvez un taupier pr\u00e8s de chez vous\" href=\"http:\/\/www.jardin-sans-taupe.be\/devis-pour-eliminer-chasser-les-taupes\/\">Contactez ici directement un de nos \u00ab\u00a0chasseurs de taupe\u00a0\u00bb gratuitement<\/a><\/h1>\n","protected":false},"excerpt":{"rendered":"<p><a class=\"more-link\"  href=\"https:\/\/www.jardin-sans-taupe.be\/\"><span class=\"more-text\"><\/span><\/a><\/p>\n","protected":false},"author":2,"featured_media":0,"parent":0,"menu_order":0,"comment_status":"closed","ping_status":"closed","template":"","meta":{"greenlet_layout":[],"footnotes":""},"class_list":["post-189","page","type-page","status-publish","hentry"],"_links":{"self":[{"href":"https:\/\/www.jardin-sans-taupe.be\/index.php?rest_route=\/wp\/v2\/pages\/189","targetHints":{"allow":["GET"]}}],"collection":[{"href":"https:\/\/www.jardin-sans-taupe.be\/index.php?rest_route=\/wp\/v2\/pages"}],"about":[{"href":"https:\/\/www.jardin-sans-taupe.be\/index.php?rest_route=\/wp\/v2\/types\/page"}],"author":[{"embeddable":true,"href":"https:\/\/www.jardin-sans-taupe.be\/index.php?rest_route=\/wp\/v2\/users\/2"}],"replies":[{"embeddable":true,"href":"https:\/\/www.jardin-sans-taupe.be\/index.php?rest_route=%2Fwp%2Fv2%2Fcomments&post=189"}],"version-history":[{"count":0,"href":"https:\/\/www.jardin-sans-taupe.be\/index.php?rest_route=\/wp\/v2\/pages\/189\/revisions"}],"wp:attachment":[{"href":"https:\/\/www.jardin-sans-taupe.be\/index.php?rest_route=%2Fwp%2Fv2%2Fmedia&parent=189"}],"curies":[{"name":"wp","href":"https:\/\/api.w.org\/{rel}","templated":true}]}}