{"id":181,"date":"2012-02-24T12:48:17","date_gmt":"2012-02-24T11:48:17","guid":{"rendered":"http:\/\/www.jardin-sans-taupe.be\/?page_id=181"},"modified":"2021-05-05T22:40:04","modified_gmt":"2021-05-05T20:40:04","slug":"actualites-du-taupier","status":"publish","type":"page","link":"https:\/\/www.jardin-sans-taupe.be\/?page_id=181","title":{"rendered":"News de Mr Taupe"},"content":{"rendered":"<p><!--vcv no format--><\/p>\n<div class=\"vce-row-container\" data-vce-boxed-width=\"true\">\n<div id=\"el-73d0adfc\" class=\"vce-row vce-row--col-gap-30 vce-row-equal-height vce-row-content--top\" data-vce-do-apply=\"all el-73d0adfc\">\n<div class=\"vce-row-content\" data-vce-element-content=\"true\">\n<div id=\"el-d946d6a2\" class=\"vce-col vce-col--md-auto vce-col--xs-1 vce-col--xs-last vce-col--xs-first vce-col--sm-last vce-col--sm-first vce-col--md-last vce-col--lg-last vce-col--xl-last vce-col--md-first vce-col--lg-first vce-col--xl-first\">\n<div class=\"vce-col-inner\" data-vce-do-apply=\"border margin background  el-d946d6a2\">\n<div class=\"vce-col-content\" data-vce-element-content=\"true\" data-vce-do-apply=\"padding el-d946d6a2\">\n<div class=\"vce-text-block\">\n<div id=\"el-004965de\" class=\"vce-text-block-wrapper vce\" data-vce-do-apply=\"all el-004965de\">\n<p>Retrouvez ici toute l&rsquo;actualit\u00e9 de votre site jardin sans taupe<\/p>\n<\/div>\n<\/div>\n<\/div>\n<\/div>\n<\/div>\n<\/div>\n<\/div>\n<\/div>\n\n\n<div class=\"wp-block-group\"><div class=\"wp-block-group__inner-container is-layout-flow wp-block-group-is-layout-flow\">\n<div class=\"wp-block-columns alignfull are-vertically-aligned-top is-layout-flex wp-container-core-columns-is-layout-9d6595d7 wp-block-columns-is-layout-flex\">\n<div class=\"wp-block-column is-vertically-aligned-top is-layout-flow wp-block-column-is-layout-flow\" style=\"flex-basis:100%\"><ul class=\"wp-block-latest-posts__list alignleft wp-block-latest-posts\"><li><a class=\"wp-block-latest-posts__post-title\" href=\"https:\/\/www.jardin-sans-taupe.be\/?p=7876\">les taupes est les gros d\u00e9g\u00e2ts des taupini\u00e8res sont de retour.<\/a><\/li>\n<li><a class=\"wp-block-latest-posts__post-title\" href=\"https:\/\/www.jardin-sans-taupe.be\/?p=5994\">Meilleurs Voeux 2021<\/a><\/li>\n<li><a class=\"wp-block-latest-posts__post-title\" href=\"https:\/\/www.jardin-sans-taupe.be\/?p=3590\">Le printemps et le retour des taupes et campagnols<\/a><\/li>\n<li><a class=\"wp-block-latest-posts__post-title\" href=\"https:\/\/www.jardin-sans-taupe.be\/?p=1218\">Meilleurs Voeux 2019<\/a><\/li>\n<li><a class=\"wp-block-latest-posts__post-title\" href=\"https:\/\/www.jardin-sans-taupe.be\/?p=782\">PIEGEUR  DE TAUPES ?<\/a><\/li>\n<\/ul><\/div>\n<\/div>\n<\/div><\/div>\n\n\n\n<p><\/p>\n","protected":false},"excerpt":{"rendered":"<p><a class=\"more-link\"  href=\"https:\/\/www.jardin-sans-taupe.be\/?page_id=181\"><span class=\"more-text\"><\/span><\/a><\/p>\n","protected":false},"author":2,"featured_media":0,"parent":0,"menu_order":1,"comment_status":"closed","ping_status":"closed","template":"","meta":{"greenlet_layout":[],"footnotes":""},"class_list":["post-181","page","type-page","status-publish","hentry"],"_links":{"self":[{"href":"https:\/\/www.jardin-sans-taupe.be\/index.php?rest_route=\/wp\/v2\/pages\/181","targetHints":{"allow":["GET"]}}],"collection":[{"href":"https:\/\/www.jardin-sans-taupe.be\/index.php?rest_route=\/wp\/v2\/pages"}],"about":[{"href":"https:\/\/www.jardin-sans-taupe.be\/index.php?rest_route=\/wp\/v2\/types\/page"}],"author":[{"embeddable":true,"href":"https:\/\/www.jardin-sans-taupe.be\/index.php?rest_route=\/wp\/v2\/users\/2"}],"replies":[{"embeddable":true,"href":"https:\/\/www.jardin-sans-taupe.be\/index.php?rest_route=%2Fwp%2Fv2%2Fcomments&post=181"}],"version-history":[{"count":14,"href":"https:\/\/www.jardin-sans-taupe.be\/index.php?rest_route=\/wp\/v2\/pages\/181\/revisions"}],"predecessor-version":[{"id":6796,"href":"https:\/\/www.jardin-sans-taupe.be\/index.php?rest_route=\/wp\/v2\/pages\/181\/revisions\/6796"}],"wp:attachment":[{"href":"https:\/\/www.jardin-sans-taupe.be\/index.php?rest_route=%2Fwp%2Fv2%2Fmedia&parent=181"}],"curies":[{"name":"wp","href":"https:\/\/api.w.org\/{rel}","templated":true}]}}